{"id":90,"date":"2024-06-18T10:03:23","date_gmt":"2024-06-18T10:03:23","guid":{"rendered":"https:\/\/rmtest.michaelbrem.ch\/?post_type=product&#038;p=90"},"modified":"2024-06-18T10:04:07","modified_gmt":"2024-06-18T10:04:07","slug":"yessss-einzel-box","status":"publish","type":"product","link":"https:\/\/rmtest.michaelbrem.ch\/index.php\/produkt\/yessss-einzel-box\/","title":{"rendered":"Yessss Einzel-Box"},"content":{"rendered":"<h1><strong>Das Yessss! Kennenlern-Set!<\/strong><\/h1>\n<h2>Ein idealer Reisebegleiter<\/h2>\n<p><strong>Yessss!<\/strong> kann immer und \u00fcberall gespielt werden (zu Hause, im Auto, Zug, Flugzeug, am Strand etc.), es hat einen hohen p\u00e4dagogischen Wert, ist ein tolles Alternativprogramm zu Fernsehen und Computer(-spielen), f\u00f6rdert das Ged\u00e4chtnis, die Geduld, Konzentrationsf\u00e4higkeit und Selbstbeherrschung, r\u00e4umliches Vorstellungsverm\u00f6gen, eigenst\u00e4ndiges Lernen, logisches und dreidimensionales Denken, das Zusammenspiel zwischen linker und rechter Gehirnh\u00e4lfte (Farben und Formen) und vieles mehr. Auch sehr geeignet f\u00fcr hyperaktive Kinder und anspruchsvolle Erwachsene!<\/p>\n<p>Im Innern der aufgeklappten Spielbox werden auf einer dreieckigen Spielfl\u00e4che alle 2D-Aufgaben eingelegt und gel\u00f6st.<\/p>\n<p>Auf der R\u00fcckseite der Spielbox k\u00f6nnen auf zwei quadratischen Spielfl\u00e4chen die 4&#215;4- und 5&#215;5- 3D-Pyramiden-Aufgaben aufgebaut und gel\u00f6st werden.<\/p>\n<p>&nbsp;<\/p>\n<p>Zu jedem Spiel erhalten Sie eine schriftliche Garantie, dass verlorene Spielsteine gratis ersetzt werden (max. 6 Steine in 5 Jahren).<\/p>\n","protected":false},"excerpt":{"rendered":"<p>Yessss! Einzelbox f\u00fcr&#8217;s Knobeln alleine oder zu zweit<\/p>\n","protected":false},"featured_media":23,"comment_status":"closed","ping_status":"closed","template":"","meta":[],"product_cat":[15],"product_tag":[22,21],"class_list":{"0":"post-90","1":"product","2":"type-product","3":"status-publish","4":"has-post-thumbnail","6":"product_cat-unkategorisiert","7":"product_tag-einzelbox","8":"product_tag-yessss","10":"first","11":"instock","12":"shipping-taxable","13":"purchasable","14":"product-type-simple"},"_links":{"self":[{"href":"https:\/\/rmtest.michaelbrem.ch\/index.php\/wp-json\/wp\/v2\/product\/90","targetHints":{"allow":["GET"]}}],"collection":[{"href":"https:\/\/rmtest.michaelbrem.ch\/index.php\/wp-json\/wp\/v2\/product"}],"about":[{"href":"https:\/\/rmtest.michaelbrem.ch\/index.php\/wp-json\/wp\/v2\/types\/product"}],"replies":[{"embeddable":true,"href":"https:\/\/rmtest.michaelbrem.ch\/index.php\/wp-json\/wp\/v2\/comments?post=90"}],"wp:featuredmedia":[{"embeddable":true,"href":"https:\/\/rmtest.michaelbrem.ch\/index.php\/wp-json\/wp\/v2\/media\/23"}],"wp:attachment":[{"href":"https:\/\/rmtest.michaelbrem.ch\/index.php\/wp-json\/wp\/v2\/media?parent=90"}],"wp:term":[{"taxonomy":"product_cat","embeddable":true,"href":"https:\/\/rmtest.michaelbrem.ch\/index.php\/wp-json\/wp\/v2\/product_cat?post=90"},{"taxonomy":"product_tag","embeddable":true,"href":"https:\/\/rmtest.michaelbrem.ch\/index.php\/wp-json\/wp\/v2\/product_tag?post=90"}],"curies":[{"name":"wp","href":"https:\/\/api.w.org\/{rel}","templated":true}]}}